{"id":362,"date":"2021-08-17T17:03:43","date_gmt":"2021-08-17T20:03:43","guid":{"rendered":"https:\/\/demo.athemes.com\/botiga\/?page_id=362"},"modified":"2023-08-22T11:00:03","modified_gmt":"2023-08-22T14:00:03","slug":"inicio","status":"publish","type":"page","link":"https:\/\/goiascaixas.com.br\/","title":{"rendered":"In\u00edcio"},"content":{"rendered":"\n<div id=\"athemes-blocks-block-4f5bdcf2\" class=\"wp-block-athemes-athemes-blocks-block-container athemes-blocks-block athemes-blocks-block-4f5bdcf2 athemes-blocks-block-container alignfull\"><div class=\"athemes-blocks-block-container-wrapper athemes-blocks-block-container-bg-cover athemes-blocks-block-container-bg-effect-scroll\"><img class=\"athemes-blocks-background-image\" width=\"1554\" height=\"855\" srcset=\"https:\/\/goiascaixas.com.br\/wp-content\/uploads\/2022\/09\/bg1.jpg 1554w, \" sizes=\"auto, (max-width: 1554px) 100vw, 1554px\" alt=\"\" loading=\"lazy\"\/><div class=\"athemes-blocks-block-container-wrapper-content\">\n<div class=\"wp-block-columns is-layout-flex wp-container-core-columns-is-layout-9d6595d7 wp-block-columns-is-layout-flex\">\n<div class=\"wp-block-column is-layout-flow wp-block-column-is-layout-flow\" style=\"flex-basis:66.66%\">\n<h2 class=\"wp-block-heading has-gigantic-font-size\">Confira nossa linha<br>de produtos<\/h2>\n\n\n\n<div class=\"wp-block-buttons is-layout-flex wp-block-buttons-is-layout-flex\">\n<div class=\"wp-block-button\"><a class=\"wp-block-button__link wp-element-button\" href=\"https:\/\/goiascaixas.com.br\/index.php\/produtos\/\">VER PRODUTOS<\/a><\/div>\n<\/div>\n<\/div>\n\n\n\n<div class=\"wp-block-column is-layout-flow wp-block-column-is-layout-flow\" style=\"flex-basis:33.33%\"><\/div>\n<\/div>\n<\/div><\/div><\/div>\n\n\n\n<div style=\"height:100px\" aria-hidden=\"true\" class=\"wp-block-spacer\"><\/div>\n\n\n\n<h3 class=\"wp-block-heading has-text-align-center\">Produtos em Destaque<\/h3>\n\n\n\n<p class=\"has-text-align-center\">Aqui tem sempre produtos em promo\u00e7\u00e3o com condi\u00e7\u00f5es especiais<\/p>\n\n\n<div data-block-name=\"woocommerce\/product-category\" data-categories=\"[35]\" data-content-visibility=\"{&quot;title&quot;:true,&quot;price&quot;:false,&quot;rating&quot;:false,&quot;button&quot;:false,&quot;image&quot;:true}\" data-edit-mode=\"false\" data-rows=\"1\" data-stock-status=\"[&quot;&quot;,&quot;instock&quot;,&quot;outofstock&quot;,&quot;onbackorder&quot;]\" class=\"wc-block-grid wp-block-product-category wp-block-woocommerce-product-category wc-block-product-category has-3-columns\"><ul class=\"wc-block-grid__products\"><li class=\"wc-block-grid__product product-grid \">\n\t\t\t\t<div class=\"loop-image-wrap botiga-add-to-cart-button-layout1\">\n\t\t\t\t\t<a href=\"https:\/\/goiascaixas.com.br\/index.php\/produto\/gl-11-leitosa\/\" class=\"wc-block-grid__product-link\">\n\t\t\t\t\t\t<div class=\"wc-block-grid__product-image\"><img loading=\"lazy\" decoding=\"async\" width=\"420\" height=\"348\" src=\"https:\/\/goiascaixas.com.br\/wp-content\/uploads\/2022\/11\/9ea7b9d1-0b38-4e1f-8cb6-03091d078346.jpg\" class=\"attachment-woocommerce_thumbnail size-woocommerce_thumbnail\" alt=\"GL-11 LEITOSA\" \/><\/div>\n\t\t\t\t\t<\/a><\/div><a href=\"https:\/\/goiascaixas.com.br\/index.php\/produto\/gl-11-leitosa\/\" class=\"wc-block-grid__product-link\">\n\t\t\t\t\t<div class=\"wc-block-grid__product-title\">GL-11 LEITOSA<\/div>\n\t\t\t\t<\/a><\/li><li class=\"wc-block-grid__product product-grid \">\n\t\t\t\t<div class=\"loop-image-wrap botiga-add-to-cart-button-layout1\">\n\t\t\t\t\t<a href=\"https:\/\/goiascaixas.com.br\/index.php\/produto\/gl-11-branca-virgem\/\" class=\"wc-block-grid__product-link\">\n\t\t\t\t\t\t<div class=\"wc-block-grid__product-image\"><img loading=\"lazy\" decoding=\"async\" width=\"420\" height=\"304\" src=\"https:\/\/goiascaixas.com.br\/wp-content\/uploads\/2022\/11\/11.png\" class=\"attachment-woocommerce_thumbnail size-woocommerce_thumbnail\" alt=\"GL-11 BRANCA ( VIRGEM )\" \/><\/div>\n\t\t\t\t\t<\/a><\/div><a href=\"https:\/\/goiascaixas.com.br\/index.php\/produto\/gl-11-branca-virgem\/\" class=\"wc-block-grid__product-link\">\n\t\t\t\t\t<div class=\"wc-block-grid__product-title\">GL-11 BRANCA ( VIRGEM )<\/div>\n\t\t\t\t<\/a><\/li><li class=\"wc-block-grid__product product-grid \">\n\t\t\t\t<div class=\"loop-image-wrap botiga-add-to-cart-button-layout1\">\n\t\t\t\t\t<a href=\"https:\/\/goiascaixas.com.br\/index.php\/produto\/gl-23\/\" class=\"wc-block-grid__product-link\">\n\t\t\t\t\t\t<div class=\"wc-block-grid__product-image\"><img loading=\"lazy\" decoding=\"async\" width=\"399\" height=\"300\" src=\"https:\/\/goiascaixas.com.br\/wp-content\/uploads\/2022\/09\/237_G.jpg\" class=\"attachment-woocommerce_thumbnail size-woocommerce_thumbnail\" alt=\"Caixa Agr\u00edcola GL-23\" \/><\/div>\n\t\t\t\t\t<\/a><\/div><a href=\"https:\/\/goiascaixas.com.br\/index.php\/produto\/gl-23\/\" class=\"wc-block-grid__product-link\">\n\t\t\t\t\t<div class=\"wc-block-grid__product-title\">Caixa Agr\u00edcola GL-23<\/div>\n\t\t\t\t<\/a><\/li><\/ul><\/div>\n\n\n<div style=\"height:100px\" aria-hidden=\"true\" class=\"wp-block-spacer\"><\/div>\n\n\n\n<div id=\"athemes-blocks-block-d6f807d4\" class=\"wp-block-athemes-athemes-blocks-block-container athemes-blocks-block athemes-blocks-block-d6f807d4 athemes-blocks-block-container alignfull\"><div class=\"athemes-blocks-block-container-wrapper athemes-blocks-block-container-bg-cover athemes-blocks-block-container-bg-effect-parallax\"><img class=\"athemes-blocks-background-image\" width=\"1553\" height=\"854\" srcset=\"https:\/\/goiascaixas.com.br\/wp-content\/uploads\/2022\/09\/bg_2.jpg 1553w, \" sizes=\"auto, (max-width: 1553px) 100vw, 1553px\" alt=\"\" loading=\"lazy\"\/><div class=\"athemes-blocks-block-container-wrapper-content\">\n<h3 class=\"wp-block-heading has-text-align-center\">Caixa Agr\u00edcolas<\/h3>\n\n\n\n<div class=\"wp-block-buttons is-horizontal is-content-justification-center is-layout-flex wp-container-core-buttons-is-layout-499968f5 wp-block-buttons-is-layout-flex\">\n<div class=\"wp-block-button\"><a class=\"wp-block-button__link wp-element-button\" href=\"https:\/\/goiascaixas.com.br\/index.php\/categoria-produto\/caixas-plasticas\/caixas-agricolas\/\">VER PRODUTOS<\/a><\/div>\n<\/div>\n<\/div><\/div><\/div>\n\n\n\n<div style=\"height:100px\" aria-hidden=\"true\" class=\"wp-block-spacer\"><\/div>\n\n\n\n<h3 class=\"wp-block-heading has-text-align-center\">Produtos Diversos<\/h3>\n\n\n\n<p class=\"has-text-align-center\">Outros produtos al\u00e9m de Caixas Pl\u00e1sticas<\/p>\n\n\n<div data-block-name=\"woocommerce\/product-category\" data-categories=\"[35]\" data-columns=\"4\" data-content-visibility=\"{&quot;title&quot;:true,&quot;price&quot;:false,&quot;rating&quot;:false,&quot;button&quot;:false,&quot;image&quot;:true}\" data-edit-mode=\"false\" data-rows=\"1\" data-stock-status=\"[&quot;&quot;,&quot;instock&quot;,&quot;outofstock&quot;,&quot;onbackorder&quot;]\" class=\"wc-block-grid wp-block-product-category wp-block-woocommerce-product-category wc-block-product-category has-4-columns\"><ul class=\"wc-block-grid__products\"><li class=\"wc-block-grid__product product-grid \">\n\t\t\t\t<div class=\"loop-image-wrap botiga-add-to-cart-button-layout1\">\n\t\t\t\t\t<a href=\"https:\/\/goiascaixas.com.br\/index.php\/produto\/gl-11-leitosa\/\" class=\"wc-block-grid__product-link\">\n\t\t\t\t\t\t<div class=\"wc-block-grid__product-image\"><img loading=\"lazy\" decoding=\"async\" width=\"420\" height=\"348\" src=\"https:\/\/goiascaixas.com.br\/wp-content\/uploads\/2022\/11\/9ea7b9d1-0b38-4e1f-8cb6-03091d078346.jpg\" class=\"attachment-woocommerce_thumbnail size-woocommerce_thumbnail\" alt=\"GL-11 LEITOSA\" \/><\/div>\n\t\t\t\t\t<\/a><\/div><a href=\"https:\/\/goiascaixas.com.br\/index.php\/produto\/gl-11-leitosa\/\" class=\"wc-block-grid__product-link\">\n\t\t\t\t\t<div class=\"wc-block-grid__product-title\">GL-11 LEITOSA<\/div>\n\t\t\t\t<\/a><\/li><li class=\"wc-block-grid__product product-grid \">\n\t\t\t\t<div class=\"loop-image-wrap botiga-add-to-cart-button-layout1\">\n\t\t\t\t\t<a href=\"https:\/\/goiascaixas.com.br\/index.php\/produto\/gl-11-branca-virgem\/\" class=\"wc-block-grid__product-link\">\n\t\t\t\t\t\t<div class=\"wc-block-grid__product-image\"><img loading=\"lazy\" decoding=\"async\" width=\"420\" height=\"304\" src=\"https:\/\/goiascaixas.com.br\/wp-content\/uploads\/2022\/11\/11.png\" class=\"attachment-woocommerce_thumbnail size-woocommerce_thumbnail\" alt=\"GL-11 BRANCA ( VIRGEM )\" \/><\/div>\n\t\t\t\t\t<\/a><\/div><a href=\"https:\/\/goiascaixas.com.br\/index.php\/produto\/gl-11-branca-virgem\/\" class=\"wc-block-grid__product-link\">\n\t\t\t\t\t<div class=\"wc-block-grid__product-title\">GL-11 BRANCA ( VIRGEM )<\/div>\n\t\t\t\t<\/a><\/li><li class=\"wc-block-grid__product product-grid \">\n\t\t\t\t<div class=\"loop-image-wrap botiga-add-to-cart-button-layout1\">\n\t\t\t\t\t<a href=\"https:\/\/goiascaixas.com.br\/index.php\/produto\/gl-23\/\" class=\"wc-block-grid__product-link\">\n\t\t\t\t\t\t<div class=\"wc-block-grid__product-image\"><img loading=\"lazy\" decoding=\"async\" width=\"399\" height=\"300\" src=\"https:\/\/goiascaixas.com.br\/wp-content\/uploads\/2022\/09\/237_G.jpg\" class=\"attachment-woocommerce_thumbnail size-woocommerce_thumbnail\" alt=\"Caixa Agr\u00edcola GL-23\" \/><\/div>\n\t\t\t\t\t<\/a><\/div><a href=\"https:\/\/goiascaixas.com.br\/index.php\/produto\/gl-23\/\" class=\"wc-block-grid__product-link\">\n\t\t\t\t\t<div class=\"wc-block-grid__product-title\">Caixa Agr\u00edcola GL-23<\/div>\n\t\t\t\t<\/a><\/li><\/ul><\/div>\n\n\n<div style=\"height:90px\" aria-hidden=\"true\" class=\"wp-block-spacer\"><\/div>\n","protected":false},"excerpt":{"rendered":"<p>Produtos em Destaque Aqui tem sempre produtos em promo\u00e7\u00e3o com condi\u00e7\u00f5es especiais Produtos Diversos Outros produtos al\u00e9m de Caixas Pl\u00e1sticas<\/p>\n","protected":false},"author":1,"featured_media":0,"parent":0,"menu_order":0,"comment_status":"closed","ping_status":"closed","template":"","meta":{"footnotes":""},"class_list":["post-362","page","type-page","status-publish","hentry"],"_links":{"self":[{"href":"https:\/\/goiascaixas.com.br\/index.php\/wp-json\/wp\/v2\/pages\/362","targetHints":{"allow":["GET"]}}],"collection":[{"href":"https:\/\/goiascaixas.com.br\/index.php\/wp-json\/wp\/v2\/pages"}],"about":[{"href":"https:\/\/goiascaixas.com.br\/index.php\/wp-json\/wp\/v2\/types\/page"}],"author":[{"embeddable":true,"href":"https:\/\/goiascaixas.com.br\/index.php\/wp-json\/wp\/v2\/users\/1"}],"replies":[{"embeddable":true,"href":"https:\/\/goiascaixas.com.br\/index.php\/wp-json\/wp\/v2\/comments?post=362"}],"version-history":[{"count":37,"href":"https:\/\/goiascaixas.com.br\/index.php\/wp-json\/wp\/v2\/pages\/362\/revisions"}],"predecessor-version":[{"id":808,"href":"https:\/\/goiascaixas.com.br\/index.php\/wp-json\/wp\/v2\/pages\/362\/revisions\/808"}],"wp:attachment":[{"href":"https:\/\/goiascaixas.com.br\/index.php\/wp-json\/wp\/v2\/media?parent=362"}],"curies":[{"name":"wp","href":"https:\/\/api.w.org\/{rel}","templated":true}]}}