{"id":493,"date":"2022-09-20T09:39:26","date_gmt":"2022-09-20T12:39:26","guid":{"rendered":"https:\/\/site.goiascaixas.com.br\/?post_type=product&#038;p=493"},"modified":"2023-02-10T07:41:54","modified_gmt":"2023-02-10T10:41:54","slug":"gl-23","status":"publish","type":"product","link":"https:\/\/goiascaixas.com.br\/index.php\/produto\/gl-23\/","title":{"rendered":"Caixa Agr\u00edcola GL-23"},"content":{"rendered":"<p><strong><span class=\"texto_destaque\">Especifica\u00e7\u00e3o:<\/span><\/strong><br \/>\nDimens\u00e3o Externa: 600x400x230<br \/>\nDimens\u00e3o Interna: 580x370x220<br \/>\nCubagem: 0,0576m\u00b3\/unid.<br \/>\nLitros: 48<\/p>\n","protected":false},"excerpt":{"rendered":"<p>Especifica\u00e7\u00e3o: Dimens\u00e3o Externa: 600x400x230 Dimens\u00e3o Interna: 580x370x220 Cubagem: 0,0576m\u00b3\/unid. Litros: 48<\/p>\n","protected":false},"featured_media":494,"template":"","meta":[],"product_brand":[],"product_cat":[24,35],"product_tag":[],"class_list":{"0":"post-493","1":"product","2":"type-product","3":"status-publish","4":"has-post-thumbnail","6":"product_cat-caixas-agricolas","7":"product_cat-destaque","9":"first","10":"instock","11":"shipping-taxable","12":"product-type-simple"},"_links":{"self":[{"href":"https:\/\/goiascaixas.com.br\/index.php\/wp-json\/wp\/v2\/product\/493","targetHints":{"allow":["GET"]}}],"collection":[{"href":"https:\/\/goiascaixas.com.br\/index.php\/wp-json\/wp\/v2\/product"}],"about":[{"href":"https:\/\/goiascaixas.com.br\/index.php\/wp-json\/wp\/v2\/types\/product"}],"wp:featuredmedia":[{"embeddable":true,"href":"https:\/\/goiascaixas.com.br\/index.php\/wp-json\/wp\/v2\/media\/494"}],"wp:attachment":[{"href":"https:\/\/goiascaixas.com.br\/index.php\/wp-json\/wp\/v2\/media?parent=493"}],"wp:term":[{"taxonomy":"product_brand","embeddable":true,"href":"https:\/\/goiascaixas.com.br\/index.php\/wp-json\/wp\/v2\/product_brand?post=493"},{"taxonomy":"product_cat","embeddable":true,"href":"https:\/\/goiascaixas.com.br\/index.php\/wp-json\/wp\/v2\/product_cat?post=493"},{"taxonomy":"product_tag","embeddable":true,"href":"https:\/\/goiascaixas.com.br\/index.php\/wp-json\/wp\/v2\/product_tag?post=493"}],"curies":[{"name":"wp","href":"https:\/\/api.w.org\/{rel}","templated":true}]}}