{"id":496,"date":"2022-09-20T09:44:22","date_gmt":"2022-09-20T12:44:22","guid":{"rendered":"https:\/\/site.goiascaixas.com.br\/?post_type=product&#038;p=496"},"modified":"2022-11-11T11:53:12","modified_gmt":"2022-11-11T14:53:12","slug":"caixa-fechada-cn-31","status":"publish","type":"product","link":"https:\/\/goiascaixas.com.br\/index.php\/produto\/caixa-fechada-cn-31\/","title":{"rendered":"Caixa Fechada CN-31"},"content":{"rendered":"<p><strong><span class=\"texto_destaque\">Especifica\u00e7\u00e3o:<\/span><\/strong><br \/>\nDimens\u00f5es externas: 406x330x298<br \/>\nDimens\u00f5es internas: 381x305x269 (altura interna livre)<br \/>\nMaterial: PE-AD (polietileno alta densidade)<br \/>\nCubagem: 0,040m\u00b3\/unid.<br \/>\nPeso: 2,050 Kg<br \/>\nLitros: 31<\/p>\n","protected":false},"excerpt":{"rendered":"<p>Especifica\u00e7\u00e3o: Dimens\u00f5es externas: 406x330x298 Dimens\u00f5es internas: 381x305x269 (altura interna livre) Material: PE-AD (polietileno alta densidade) Cubagem: 0,040m\u00b3\/unid. Peso: 2,050 Kg Litros: 31<\/p>\n","protected":false},"featured_media":497,"template":"","meta":[],"product_brand":[],"product_cat":[25],"product_tag":[],"class_list":{"0":"post-496","1":"product","2":"type-product","3":"status-publish","4":"has-post-thumbnail","6":"product_cat-caixas-fechadas","8":"first","9":"instock","10":"shipping-taxable","11":"product-type-simple"},"_links":{"self":[{"href":"https:\/\/goiascaixas.com.br\/index.php\/wp-json\/wp\/v2\/product\/496","targetHints":{"allow":["GET"]}}],"collection":[{"href":"https:\/\/goiascaixas.com.br\/index.php\/wp-json\/wp\/v2\/product"}],"about":[{"href":"https:\/\/goiascaixas.com.br\/index.php\/wp-json\/wp\/v2\/types\/product"}],"wp:featuredmedia":[{"embeddable":true,"href":"https:\/\/goiascaixas.com.br\/index.php\/wp-json\/wp\/v2\/media\/497"}],"wp:attachment":[{"href":"https:\/\/goiascaixas.com.br\/index.php\/wp-json\/wp\/v2\/media?parent=496"}],"wp:term":[{"taxonomy":"product_brand","embeddable":true,"href":"https:\/\/goiascaixas.com.br\/index.php\/wp-json\/wp\/v2\/product_brand?post=496"},{"taxonomy":"product_cat","embeddable":true,"href":"https:\/\/goiascaixas.com.br\/index.php\/wp-json\/wp\/v2\/product_cat?post=496"},{"taxonomy":"product_tag","embeddable":true,"href":"https:\/\/goiascaixas.com.br\/index.php\/wp-json\/wp\/v2\/product_tag?post=496"}],"curies":[{"name":"wp","href":"https:\/\/api.w.org\/{rel}","templated":true}]}}