{"id":633,"date":"2022-11-16T10:11:17","date_gmt":"2022-11-16T13:11:17","guid":{"rendered":"https:\/\/site.goiascaixas.com.br\/?post_type=product&#038;p=633"},"modified":"2022-11-16T10:11:17","modified_gmt":"2022-11-16T13:11:17","slug":"d-16-f","status":"publish","type":"product","link":"https:\/\/goiascaixas.com.br\/index.php\/produto\/d-16-f\/","title":{"rendered":"D-16 F"},"content":{"rendered":"<p><span class=\"texto_destaque\">Especifica\u00e7\u00e3o:<\/span><br \/>\nDimens\u00f5es externas: 500x300x159<br \/>\nDimens\u00f5es internas: 484x284x123,5 (altura interna livre)<br \/>\nMaterial: PE-AD (polietileno alta densidade)<br \/>\nCubagem: 0,024m\u00b3\/unid.<br \/>\nPeso: 0,800kg<br \/>\nLitros: 67<\/p>\n","protected":false},"excerpt":{"rendered":"<p>Especifica\u00e7\u00e3o: Dimens\u00f5es externas: 500x300x159 Dimens\u00f5es internas: 484x284x123,5 (altura interna livre) Material: PE-AD (polietileno alta densidade) Cubagem: 0,024m\u00b3\/unid. Peso: 0,800kg Litros: 67<\/p>\n","protected":false},"featured_media":634,"template":"","meta":[],"product_brand":[],"product_cat":[25],"product_tag":[],"class_list":{"0":"post-633","1":"product","2":"type-product","3":"status-publish","4":"has-post-thumbnail","6":"product_cat-caixas-fechadas","8":"first","9":"instock","10":"shipping-taxable","11":"product-type-simple"},"_links":{"self":[{"href":"https:\/\/goiascaixas.com.br\/index.php\/wp-json\/wp\/v2\/product\/633","targetHints":{"allow":["GET"]}}],"collection":[{"href":"https:\/\/goiascaixas.com.br\/index.php\/wp-json\/wp\/v2\/product"}],"about":[{"href":"https:\/\/goiascaixas.com.br\/index.php\/wp-json\/wp\/v2\/types\/product"}],"wp:featuredmedia":[{"embeddable":true,"href":"https:\/\/goiascaixas.com.br\/index.php\/wp-json\/wp\/v2\/media\/634"}],"wp:attachment":[{"href":"https:\/\/goiascaixas.com.br\/index.php\/wp-json\/wp\/v2\/media?parent=633"}],"wp:term":[{"taxonomy":"product_brand","embeddable":true,"href":"https:\/\/goiascaixas.com.br\/index.php\/wp-json\/wp\/v2\/product_brand?post=633"},{"taxonomy":"product_cat","embeddable":true,"href":"https:\/\/goiascaixas.com.br\/index.php\/wp-json\/wp\/v2\/product_cat?post=633"},{"taxonomy":"product_tag","embeddable":true,"href":"https:\/\/goiascaixas.com.br\/index.php\/wp-json\/wp\/v2\/product_tag?post=633"}],"curies":[{"name":"wp","href":"https:\/\/api.w.org\/{rel}","templated":true}]}}