{"id":642,"date":"2022-11-16T10:18:00","date_gmt":"2022-11-16T13:18:00","guid":{"rendered":"https:\/\/site.goiascaixas.com.br\/?post_type=product&#038;p=642"},"modified":"2022-11-16T10:18:00","modified_gmt":"2022-11-16T13:18:00","slug":"cn-67-pisani","status":"publish","type":"product","link":"https:\/\/goiascaixas.com.br\/index.php\/produto\/cn-67-pisani\/","title":{"rendered":"CN-67 PISANI"},"content":{"rendered":"<p><span class=\"texto_destaque\">Especifica\u00e7\u00e3o:<\/span><br \/>\nDIMENS\u00d5ES EXTERNAS<br \/>\n600 x 400 x 350<br \/>\nDIMENS\u00d5ES INTERNAS<br \/>\n563 x 363 x 326,5 (altura interna livre)<br \/>\nMATERIAL<br \/>\nPE &#8211; AD (polietileno alta densidade)<br \/>\nPESO<br \/>\n3,255 kg<br \/>\nCAPACIDADE<br \/>\n67 L<\/p>\n","protected":false},"excerpt":{"rendered":"<p>Especifica\u00e7\u00e3o: DIMENS\u00d5ES EXTERNAS 600 x 400 x 350 DIMENS\u00d5ES INTERNAS 563 x 363 x 326,5 (altura interna livre) MATERIAL PE &#8211; AD (polietileno alta densidade) PESO 3,255 kg CAPACIDADE 67 [&hellip;]<\/p>\n","protected":false},"featured_media":644,"template":"","meta":[],"product_brand":[],"product_cat":[25],"product_tag":[],"class_list":{"0":"post-642","1":"product","2":"type-product","3":"status-publish","4":"has-post-thumbnail","6":"product_cat-caixas-fechadas","8":"first","9":"instock","10":"shipping-taxable","11":"product-type-simple"},"_links":{"self":[{"href":"https:\/\/goiascaixas.com.br\/index.php\/wp-json\/wp\/v2\/product\/642","targetHints":{"allow":["GET"]}}],"collection":[{"href":"https:\/\/goiascaixas.com.br\/index.php\/wp-json\/wp\/v2\/product"}],"about":[{"href":"https:\/\/goiascaixas.com.br\/index.php\/wp-json\/wp\/v2\/types\/product"}],"wp:featuredmedia":[{"embeddable":true,"href":"https:\/\/goiascaixas.com.br\/index.php\/wp-json\/wp\/v2\/media\/644"}],"wp:attachment":[{"href":"https:\/\/goiascaixas.com.br\/index.php\/wp-json\/wp\/v2\/media?parent=642"}],"wp:term":[{"taxonomy":"product_brand","embeddable":true,"href":"https:\/\/goiascaixas.com.br\/index.php\/wp-json\/wp\/v2\/product_brand?post=642"},{"taxonomy":"product_cat","embeddable":true,"href":"https:\/\/goiascaixas.com.br\/index.php\/wp-json\/wp\/v2\/product_cat?post=642"},{"taxonomy":"product_tag","embeddable":true,"href":"https:\/\/goiascaixas.com.br\/index.php\/wp-json\/wp\/v2\/product_tag?post=642"}],"curies":[{"name":"wp","href":"https:\/\/api.w.org\/{rel}","templated":true}]}}