{"id":648,"date":"2022-11-16T10:20:40","date_gmt":"2022-11-16T13:20:40","guid":{"rendered":"https:\/\/site.goiascaixas.com.br\/?post_type=product&#038;p=648"},"modified":"2022-11-16T10:20:40","modified_gmt":"2022-11-16T13:20:40","slug":"cn-10-pisani-fechada","status":"publish","type":"product","link":"https:\/\/goiascaixas.com.br\/index.php\/produto\/cn-10-pisani-fechada\/","title":{"rendered":"CN 10 PISANI FECHADA"},"content":{"rendered":"<p><span class=\"texto_destaque\">Especifica\u00e7\u00e3o:<\/span><br \/>\nDIMENS\u00d5ES EXTERNAS<br \/>\n600 x 400 x 64<br \/>\nDIMENS\u00d5ES INTERNAS<br \/>\n565 x 365 x 48,5 (altura interna livre)<br \/>\nMATERIAL<br \/>\nPE &#8211; AD (polietileno alta densidade)<br \/>\nCUBAGEM<br \/>\n0,015 m\u00b3\/unidade<br \/>\nPESO<br \/>\n1,060 kg<br \/>\nCAPACIDADE<br \/>\n10 L<\/p>\n","protected":false},"excerpt":{"rendered":"<p>Especifica\u00e7\u00e3o: DIMENS\u00d5ES EXTERNAS 600 x 400 x 64 DIMENS\u00d5ES INTERNAS 565 x 365 x 48,5 (altura interna livre) MATERIAL PE &#8211; AD (polietileno alta densidade) CUBAGEM 0,015 m\u00b3\/unidade PESO 1,060 [&hellip;]<\/p>\n","protected":false},"featured_media":649,"template":"","meta":[],"product_brand":[],"product_cat":[25],"product_tag":[],"class_list":{"0":"post-648","1":"product","2":"type-product","3":"status-publish","4":"has-post-thumbnail","6":"product_cat-caixas-fechadas","8":"first","9":"instock","10":"shipping-taxable","11":"product-type-simple"},"_links":{"self":[{"href":"https:\/\/goiascaixas.com.br\/index.php\/wp-json\/wp\/v2\/product\/648","targetHints":{"allow":["GET"]}}],"collection":[{"href":"https:\/\/goiascaixas.com.br\/index.php\/wp-json\/wp\/v2\/product"}],"about":[{"href":"https:\/\/goiascaixas.com.br\/index.php\/wp-json\/wp\/v2\/types\/product"}],"wp:featuredmedia":[{"embeddable":true,"href":"https:\/\/goiascaixas.com.br\/index.php\/wp-json\/wp\/v2\/media\/649"}],"wp:attachment":[{"href":"https:\/\/goiascaixas.com.br\/index.php\/wp-json\/wp\/v2\/media?parent=648"}],"wp:term":[{"taxonomy":"product_brand","embeddable":true,"href":"https:\/\/goiascaixas.com.br\/index.php\/wp-json\/wp\/v2\/product_brand?post=648"},{"taxonomy":"product_cat","embeddable":true,"href":"https:\/\/goiascaixas.com.br\/index.php\/wp-json\/wp\/v2\/product_cat?post=648"},{"taxonomy":"product_tag","embeddable":true,"href":"https:\/\/goiascaixas.com.br\/index.php\/wp-json\/wp\/v2\/product_tag?post=648"}],"curies":[{"name":"wp","href":"https:\/\/api.w.org\/{rel}","templated":true}]}}