{"id":677,"date":"2022-11-16T10:34:31","date_gmt":"2022-11-16T13:34:31","guid":{"rendered":"https:\/\/site.goiascaixas.com.br\/?post_type=product&#038;p=677"},"modified":"2022-11-16T10:34:31","modified_gmt":"2022-11-16T13:34:31","slug":"s-850-com-tampa","status":"publish","type":"product","link":"https:\/\/goiascaixas.com.br\/index.php\/produto\/s-850-com-tampa\/","title":{"rendered":"S-850 COM TAMPA"},"content":{"rendered":"<p><span class=\"texto_destaque\">Especifica\u00e7\u00e3o:<\/span><br \/>\nCaixa Pl\u00e1stica Fechada<\/p>\n<p>65x45x17 35 Litros<\/p>\n","protected":false},"excerpt":{"rendered":"<p>Especifica\u00e7\u00e3o: Caixa Pl\u00e1stica Fechada 65x45x17 35 Litros<\/p>\n","protected":false},"featured_media":678,"template":"","meta":[],"product_brand":[],"product_cat":[26],"product_tag":[],"class_list":{"0":"post-677","1":"product","2":"type-product","3":"status-publish","4":"has-post-thumbnail","6":"product_cat-caixas-com-tampa","8":"first","9":"instock","10":"shipping-taxable","11":"product-type-simple"},"_links":{"self":[{"href":"https:\/\/goiascaixas.com.br\/index.php\/wp-json\/wp\/v2\/product\/677","targetHints":{"allow":["GET"]}}],"collection":[{"href":"https:\/\/goiascaixas.com.br\/index.php\/wp-json\/wp\/v2\/product"}],"about":[{"href":"https:\/\/goiascaixas.com.br\/index.php\/wp-json\/wp\/v2\/types\/product"}],"wp:featuredmedia":[{"embeddable":true,"href":"https:\/\/goiascaixas.com.br\/index.php\/wp-json\/wp\/v2\/media\/678"}],"wp:attachment":[{"href":"https:\/\/goiascaixas.com.br\/index.php\/wp-json\/wp\/v2\/media?parent=677"}],"wp:term":[{"taxonomy":"product_brand","embeddable":true,"href":"https:\/\/goiascaixas.com.br\/index.php\/wp-json\/wp\/v2\/product_brand?post=677"},{"taxonomy":"product_cat","embeddable":true,"href":"https:\/\/goiascaixas.com.br\/index.php\/wp-json\/wp\/v2\/product_cat?post=677"},{"taxonomy":"product_tag","embeddable":true,"href":"https:\/\/goiascaixas.com.br\/index.php\/wp-json\/wp\/v2\/product_tag?post=677"}],"curies":[{"name":"wp","href":"https:\/\/api.w.org\/{rel}","templated":true}]}}