{"id":690,"date":"2022-11-16T10:45:31","date_gmt":"2022-11-16T13:45:31","guid":{"rendered":"https:\/\/site.goiascaixas.com.br\/?post_type=product&#038;p=690"},"modified":"2022-11-16T10:45:31","modified_gmt":"2022-11-16T13:45:31","slug":"d-16","status":"publish","type":"product","link":"https:\/\/goiascaixas.com.br\/index.php\/produto\/d-16\/","title":{"rendered":"D -16"},"content":{"rendered":"<p><span class=\"texto_destaque\">Especifica\u00e7\u00e3o:<\/span><br \/>\nDimens\u00f5es externas: 500x300x159<br \/>\nDimens\u00f5es internas: 484x284x123,5 (altura interna livre)<br \/>\nMaterial: PE-AD (polietileno alta densidade)<br \/>\nCubagem: 0,024m\u00b3\/unid.<br \/>\nPeso: 0,500 kg<br \/>\nLitros: 16<\/p>\n","protected":false},"excerpt":{"rendered":"<p>Especifica\u00e7\u00e3o: Dimens\u00f5es externas: 500x300x159 Dimens\u00f5es internas: 484x284x123,5 (altura interna livre) Material: PE-AD (polietileno alta densidade) Cubagem: 0,024m\u00b3\/unid. Peso: 0,500 kg Litros: 16<\/p>\n","protected":false},"featured_media":691,"template":"","meta":[],"product_brand":[],"product_cat":[29],"product_tag":[],"class_list":{"0":"post-690","1":"product","2":"type-product","3":"status-publish","4":"has-post-thumbnail","6":"product_cat-caixas-vazadas","8":"first","9":"instock","10":"shipping-taxable","11":"product-type-simple"},"_links":{"self":[{"href":"https:\/\/goiascaixas.com.br\/index.php\/wp-json\/wp\/v2\/product\/690","targetHints":{"allow":["GET"]}}],"collection":[{"href":"https:\/\/goiascaixas.com.br\/index.php\/wp-json\/wp\/v2\/product"}],"about":[{"href":"https:\/\/goiascaixas.com.br\/index.php\/wp-json\/wp\/v2\/types\/product"}],"wp:featuredmedia":[{"embeddable":true,"href":"https:\/\/goiascaixas.com.br\/index.php\/wp-json\/wp\/v2\/media\/691"}],"wp:attachment":[{"href":"https:\/\/goiascaixas.com.br\/index.php\/wp-json\/wp\/v2\/media?parent=690"}],"wp:term":[{"taxonomy":"product_brand","embeddable":true,"href":"https:\/\/goiascaixas.com.br\/index.php\/wp-json\/wp\/v2\/product_brand?post=690"},{"taxonomy":"product_cat","embeddable":true,"href":"https:\/\/goiascaixas.com.br\/index.php\/wp-json\/wp\/v2\/product_cat?post=690"},{"taxonomy":"product_tag","embeddable":true,"href":"https:\/\/goiascaixas.com.br\/index.php\/wp-json\/wp\/v2\/product_tag?post=690"}],"curies":[{"name":"wp","href":"https:\/\/api.w.org\/{rel}","templated":true}]}}