{"id":721,"date":"2022-11-16T12:14:44","date_gmt":"2022-11-16T15:14:44","guid":{"rendered":"https:\/\/site.goiascaixas.com.br\/?post_type=product&#038;p=721"},"modified":"2022-11-16T12:18:23","modified_gmt":"2022-11-16T15:18:23","slug":"extrado-50-x-25","status":"publish","type":"product","link":"https:\/\/goiascaixas.com.br\/index.php\/produto\/extrado-50-x-25\/","title":{"rendered":"EXTRADO 50 X 25"},"content":{"rendered":"<p><span class=\"texto_destaque\">Especifica\u00e7\u00e3o:<\/span><br \/>\nDimens\u00f5es Externas: 500x250x25<br \/>\nMaterial: PE-AD (polietileno alta densidade)<br \/>\nCubagem pct. 12 p\u00e7s.: 0,040m\u00b3<\/p>\n","protected":false},"excerpt":{"rendered":"<p>Especifica\u00e7\u00e3o: Dimens\u00f5es Externas: 500x250x25 Material: PE-AD (polietileno alta densidade) Cubagem pct. 12 p\u00e7s.: 0,040m\u00b3<\/p>\n","protected":false},"featured_media":722,"template":"","meta":[],"product_brand":[],"product_cat":[34],"product_tag":[],"class_list":{"0":"post-721","1":"product","2":"type-product","3":"status-publish","4":"has-post-thumbnail","6":"product_cat-estrados-paletes","8":"first","9":"instock","10":"shipping-taxable","11":"product-type-simple"},"_links":{"self":[{"href":"https:\/\/goiascaixas.com.br\/index.php\/wp-json\/wp\/v2\/product\/721","targetHints":{"allow":["GET"]}}],"collection":[{"href":"https:\/\/goiascaixas.com.br\/index.php\/wp-json\/wp\/v2\/product"}],"about":[{"href":"https:\/\/goiascaixas.com.br\/index.php\/wp-json\/wp\/v2\/types\/product"}],"wp:featuredmedia":[{"embeddable":true,"href":"https:\/\/goiascaixas.com.br\/index.php\/wp-json\/wp\/v2\/media\/722"}],"wp:attachment":[{"href":"https:\/\/goiascaixas.com.br\/index.php\/wp-json\/wp\/v2\/media?parent=721"}],"wp:term":[{"taxonomy":"product_brand","embeddable":true,"href":"https:\/\/goiascaixas.com.br\/index.php\/wp-json\/wp\/v2\/product_brand?post=721"},{"taxonomy":"product_cat","embeddable":true,"href":"https:\/\/goiascaixas.com.br\/index.php\/wp-json\/wp\/v2\/product_cat?post=721"},{"taxonomy":"product_tag","embeddable":true,"href":"https:\/\/goiascaixas.com.br\/index.php\/wp-json\/wp\/v2\/product_tag?post=721"}],"curies":[{"name":"wp","href":"https:\/\/api.w.org\/{rel}","templated":true}]}}