{"id":724,"date":"2022-11-16T12:17:17","date_gmt":"2022-11-16T15:17:17","guid":{"rendered":"https:\/\/site.goiascaixas.com.br\/?post_type=product&#038;p=724"},"modified":"2022-11-16T12:17:17","modified_gmt":"2022-11-16T15:17:17","slug":"cesta-com-rodinhas","status":"publish","type":"product","link":"https:\/\/goiascaixas.com.br\/index.php\/produto\/cesta-com-rodinhas\/","title":{"rendered":"CESTA COM RODINHAS"},"content":{"rendered":"<p><span class=\"texto_destaque\">Especifica\u00e7\u00e3o:<\/span><br \/>\nCom al\u00e7a para puxar e al\u00e7a para carregar, e ideal para quem pretende fazer uma comprinha e acaba sempre levando algo a mais.<br \/>\nDispensa o uso de sacolas pl\u00e1sticas<\/p>\n<p>CAPACIDADE: 30 LITROS<\/p>\n<p>COMPRIMENTO: 55 CM<br \/>\nLARGURA: 35 CM<br \/>\nALTURA: 38 CM<\/p>\n","protected":false},"excerpt":{"rendered":"<p>Especifica\u00e7\u00e3o: Com al\u00e7a para puxar e al\u00e7a para carregar, e ideal para quem pretende fazer uma comprinha e acaba sempre levando algo a mais. Dispensa o uso de sacolas pl\u00e1sticas [&hellip;]<\/p>\n","protected":false},"featured_media":725,"template":"","meta":[],"product_brand":[],"product_cat":[31],"product_tag":[],"class_list":{"0":"post-724","1":"product","2":"type-product","3":"status-publish","4":"has-post-thumbnail","6":"product_cat-cestas-compra","8":"first","9":"instock","10":"shipping-taxable","11":"product-type-simple"},"_links":{"self":[{"href":"https:\/\/goiascaixas.com.br\/index.php\/wp-json\/wp\/v2\/product\/724","targetHints":{"allow":["GET"]}}],"collection":[{"href":"https:\/\/goiascaixas.com.br\/index.php\/wp-json\/wp\/v2\/product"}],"about":[{"href":"https:\/\/goiascaixas.com.br\/index.php\/wp-json\/wp\/v2\/types\/product"}],"wp:featuredmedia":[{"embeddable":true,"href":"https:\/\/goiascaixas.com.br\/index.php\/wp-json\/wp\/v2\/media\/725"}],"wp:attachment":[{"href":"https:\/\/goiascaixas.com.br\/index.php\/wp-json\/wp\/v2\/media?parent=724"}],"wp:term":[{"taxonomy":"product_brand","embeddable":true,"href":"https:\/\/goiascaixas.com.br\/index.php\/wp-json\/wp\/v2\/product_brand?post=724"},{"taxonomy":"product_cat","embeddable":true,"href":"https:\/\/goiascaixas.com.br\/index.php\/wp-json\/wp\/v2\/product_cat?post=724"},{"taxonomy":"product_tag","embeddable":true,"href":"https:\/\/goiascaixas.com.br\/index.php\/wp-json\/wp\/v2\/product_tag?post=724"}],"curies":[{"name":"wp","href":"https:\/\/api.w.org\/{rel}","templated":true}]}}